{"id":11246,"date":"2023-05-26T12:31:20","date_gmt":"2023-05-26T12:31:20","guid":{"rendered":"https:\/\/metalcobre.pt\/?page_id=11246"},"modified":"2025-03-05T08:56:48","modified_gmt":"2025-03-05T08:56:48","slug":"condicoes-de-venda","status":"publish","type":"page","link":"https:\/\/metalcobre.pt\/index.php\/condicoes-de-venda\/","title":{"rendered":"Condi\u00e7\u00f5es de Venda"},"content":{"rendered":"\t\t<div data-elementor-type=\"wp-page\" data-elementor-id=\"11246\" class=\"elementor elementor-11246\" data-elementor-post-type=\"page\">\n\t\t\t\t\t\t<section class=\"elementor-section elementor-top-section elementor-element elementor-element-f115b72 elementor-section-boxed elementor-section-height-default elementor-section-height-default\" data-id=\"f115b72\" data-element_type=\"section\">\n\t\t\t\t\t\t<div class=\"elementor-container elementor-column-gap-default\">\n\t\t\t\t\t<div class=\"elementor-column elementor-col-100 elementor-top-column elementor-element elementor-element-f852247\" data-id=\"f852247\" data-element_type=\"column\">\n\t\t\t<div class=\"elementor-widget-wrap elementor-element-populated\">\n\t\t\t\t\t\t<div class=\"elementor-element elementor-element-d83304a elementor-widget elementor-widget-text-editor\" data-id=\"d83304a\" data-element_type=\"widget\" data-widget_type=\"text-editor.default\">\n\t\t\t\t<div class=\"elementor-widget-container\">\n\t\t\t\t\t\t\t\t\t<h4>Toler\u00e2ncias Dimensionais<\/h4>\n<p>\u2022 Comprimento barras inteiras +\/-10%; <br>\u2022 Pe\u00e7as cortadas de blocos: 0\/+15mm<br>\u2022 Perfis redondos\/quadrados\/retangulares de acordo com as normas de produ\u00e7\u00e3o<\/p>\n<h4>Devolu\u00e7\u00f5es:<\/h4>\n<p>\u2022 Apenas se aceitam devolu\u00e7\u00f5es de material quando justificadas num prazo m\u00e1ximo de 10 dias \u00fateis a partir da data da Fatura, estando sujeitas a uma an\u00e1lise das causas.<br>\u2022 N\u00e3o s\u00e3o aceites devolu\u00e7\u00f5es de material que tenha sido fracionado ou de qualquer modo trabalhado ou que resultem de trabalhos ou aplica\u00e7\u00f5es para as quais a qualidade do a\u00e7o solicitado n\u00e3o \u00e9 apropriada.<br>\u2022 Material fornecido pela Metalcobre deve ser sempre conferido pelo cliente antes de ser fracionado\/utilizado.<br>\u2022 A responsabilidade da Metalcobre est\u00e1 limitada \u00e0 substitui\u00e7\u00e3o dos produtos reclamados n\u00e3o conformes<\/p>\n<h4>Prazos:<\/h4>\n<p>Material em Stock: aproximadamente 1 semana<br>Restante material consoante indicado em proposta<\/p>\n<p>Validade das propostas: <br>Consoante indica\u00e7\u00e3o na proposta salvo rotura de stock.<\/p>\n<h4>Valores de encomenda m\u00ednima:<\/h4>\n<p>\u2022 10\u20ac<\/p>\n<h4>Condi\u00e7\u00f5es de Venda:<\/h4>\n<div>\u2022 De 10\u20ac at\u00e9 35\u20ac &#8211; Pronto-pagamento<\/div>\n<div>\u2022 Acima de 35\u20ac &#8211; Fatura a cr\u00e9dito (quando aplic\u00e1vel)<\/div>\n<div>Os valores de refer\u00eancia s\u00e3o sem IVA inclu\u00eddo<\/div>\n<div>&nbsp;<\/div>\n<h4>Portes:<\/h4>\n<div>\u2022&nbsp; 7,40\u20ac de portes por cada entrega efetuada pelo n\/carro, dentro da \u00e1rea de distribui\u00e7\u00e3o habitual.&nbsp;<\/div>\n<div>&nbsp; &nbsp; \u2022 Transportadora:&nbsp;<\/div>\n<div>\u2022 Encomendas inferiores a 75\u20ac \u2013 \u00e9 cobrada a totalidade do valor do transporte&nbsp;<\/div>\n<div>\u2022 Encomendas com valores entre 75\u20ac e 150\u20ac \u2013 \u00e9 cobrado 50% do valor do transporte, nunca inferior a 7.40\u20ac<\/div>\n<div>\u2022 Encomendas com valores superiores 150\u20ac \u2013 \u00e9&nbsp; cobrado 7.40\u20ac<\/div>\n<div>&nbsp;<\/div>\n<div>Os valores de refer\u00eancia s\u00e3o sem IVA inclu\u00eddo; Valores mencionados s\u00e3o cobrados por cada entrega ou despacho.<\/div>\n<div>&nbsp;<\/div>\n<h4>Pesos:<\/h4>\n<p>Os pesos indicados nas consultas s\u00e3o te\u00f3ricos. Poder\u00e3o existir altera\u00e7\u00f5es no peso ap\u00f3s corte e pesagem do material em causa.<\/p>\t\t\t\t\t\t\t\t<\/div>\n\t\t\t\t<\/div>\n\t\t\t\t\t<\/div>\n\t\t<\/div>\n\t\t\t\t\t<\/div>\n\t\t<\/section>\n\t\t\t\t<section class=\"elementor-section elementor-top-section elementor-element elementor-element-25476fa elementor-section-boxed elementor-section-height-default elementor-section-height-default\" data-id=\"25476fa\" data-element_type=\"section\">\n\t\t\t\t\t\t<div class=\"elementor-container elementor-column-gap-default\">\n\t\t\t\t\t<div class=\"elementor-column elementor-col-100 elementor-top-column elementor-element elementor-element-1a614c1\" data-id=\"1a614c1\" data-element_type=\"column\">\n\t\t\t<div class=\"elementor-widget-wrap elementor-element-populated\">\n\t\t\t\t\t\t<div class=\"elementor-element elementor-element-79b2096 elementor-widget elementor-widget-template\" data-id=\"79b2096\" data-element_type=\"widget\" data-widget_type=\"template.default\">\n\t\t\t\t<div class=\"elementor-widget-container\">\n\t\t\t\t\t\t\t<div class=\"elementor-template\">\n\t\t\t\t\t<div data-elementor-type=\"section\" data-elementor-id=\"10078\" class=\"elementor elementor-10078\" data-elementor-post-type=\"elementor_library\">\n\t\t\t\t\t<section class=\"elementor-section elementor-top-section elementor-element elementor-element-267315fa elementor-section-boxed elementor-section-height-default elementor-section-height-default\" data-id=\"267315fa\" data-element_type=\"section\">\n\t\t\t\t\t\t<div class=\"elementor-container elementor-column-gap-default\">\n\t\t\t\t\t<div class=\"elementor-column elementor-col-100 elementor-top-column elementor-element elementor-element-4f508d7f\" data-id=\"4f508d7f\" data-element_type=\"column\">\n\t\t\t<div class=\"elementor-widget-wrap elementor-element-populated\">\n\t\t\t\t\t\t<div class=\"elementor-element elementor-element-cab75a6 arrows-relative-to-box_area slider-layout_1 slider-tablet-default slider-mobile-default slide-h-position-center bullets-small-dot-stroke elementor-widget elementor-widget-the7_content_carousel\" data-id=\"cab75a6\" data-element_type=\"widget\" data-settings=\"{&quot;widget_columns&quot;:5,&quot;gap_between_posts&quot;:{&quot;unit&quot;:&quot;px&quot;,&quot;size&quot;:0,&quot;sizes&quot;:[]},&quot;widget_columns_tablet&quot;:2,&quot;widget_columns_mobile&quot;:1,&quot;gap_between_posts_tablet&quot;:{&quot;unit&quot;:&quot;px&quot;,&quot;size&quot;:&quot;&quot;,&quot;sizes&quot;:[]},&quot;gap_between_posts_mobile&quot;:{&quot;unit&quot;:&quot;px&quot;,&quot;size&quot;:&quot;&quot;,&quot;sizes&quot;:[]}}\" data-widget_type=\"the7_content_carousel.default\">\n\t\t\t\t<div class=\"elementor-widget-container\">\n\t\t\t\t\t<div class=\"disable-arrows-hover-bg owl-carousel text-and-icon-carousel elementor-owl-carousel-call the7-elementor-widget the7_content_carousel-cab75a6 quick-scale-img\" data-scroll-mode=\"1\" data-auto-height=\"false\" data-speed=\"600\" data-autoplay=\"true\" data-autoplay_speed=\"2000\"><div  class=\"dt-owl-item-wrap elements-hover elements-hover\"  ><div class=\"dt-owl-item-inner \"><a href=\"https:\/\/rovalma.com\/\" target=\"_blank\" class=\"dt-owl-item-image layzr-bg img-css-resize-wrapper\"> <img fetchpriority=\"high\" decoding=\"async\" width=\"900\" height=\"600\" src=\"data:image\/svg+xml,%3Csvg%20xmlns%3D&#039;http%3A%2F%2Fwww.w3.org%2F2000%2Fsvg&#039;%20viewBox%3D&#039;0%200%20900%20600&#039;%2F%3E\" class=\"attachment-full size-full preload-me aspect lazy lazy-load\" alt=\"\" sizes=\"(max-width: 900px) 100vw, 900px\" style=\"--ratio: 900 \/ 600;\" data-src=\"https:\/\/metalcobre.pt\/wp-content\/uploads\/2023\/04\/MetcalCobre-MarcasRepresentadas_Rovalma.jpg\" loading=\"eager\" data-srcset=\"https:\/\/metalcobre.pt\/wp-content\/uploads\/2023\/04\/MetcalCobre-MarcasRepresentadas_Rovalma.jpg 900w, https:\/\/metalcobre.pt\/wp-content\/uploads\/2023\/04\/MetcalCobre-MarcasRepresentadas_Rovalma-300x200.jpg 300w, https:\/\/metalcobre.pt\/wp-content\/uploads\/2023\/04\/MetcalCobre-MarcasRepresentadas_Rovalma-768x512.jpg 768w\" \/><\/a><\/div><\/div><div  class=\"dt-owl-item-wrap elements-hover\"  ><div class=\"dt-owl-item-inner \"><div  class=\"dt-owl-item-image layzr-bg img-css-resize-wrapper\"> <img decoding=\"async\" width=\"900\" height=\"600\" src=\"data:image\/svg+xml,%3Csvg%20xmlns%3D&#039;http%3A%2F%2Fwww.w3.org%2F2000%2Fsvg&#039;%20viewBox%3D&#039;0%200%20900%20600&#039;%2F%3E\" class=\"attachment-full size-full preload-me aspect lazy lazy-load\" alt=\"\" sizes=\"(max-width: 900px) 100vw, 900px\" style=\"--ratio: 900 \/ 600;\" data-src=\"https:\/\/metalcobre.pt\/wp-content\/uploads\/2023\/04\/MetcalCobre-MarcasRepresentadas_APtools.jpg\" loading=\"eager\" data-srcset=\"https:\/\/metalcobre.pt\/wp-content\/uploads\/2023\/04\/MetcalCobre-MarcasRepresentadas_APtools.jpg 900w, https:\/\/metalcobre.pt\/wp-content\/uploads\/2023\/04\/MetcalCobre-MarcasRepresentadas_APtools-300x200.jpg 300w, https:\/\/metalcobre.pt\/wp-content\/uploads\/2023\/04\/MetcalCobre-MarcasRepresentadas_APtools-768x512.jpg 768w\" \/><\/div><\/div><\/div><div  class=\"dt-owl-item-wrap elements-hover elements-hover\"  ><div class=\"dt-owl-item-inner \"><a href=\"https:\/\/www.hardoxwearparts.com\/\" target=\"_blank\" class=\"dt-owl-item-image layzr-bg img-css-resize-wrapper\"> <img decoding=\"async\" width=\"900\" height=\"600\" src=\"data:image\/svg+xml,%3Csvg%20xmlns%3D&#039;http%3A%2F%2Fwww.w3.org%2F2000%2Fsvg&#039;%20viewBox%3D&#039;0%200%20900%20600&#039;%2F%3E\" class=\"attachment-full size-full preload-me aspect lazy lazy-load\" alt=\"\" sizes=\"(max-width: 900px) 100vw, 900px\" style=\"--ratio: 900 \/ 600;\" data-src=\"https:\/\/metalcobre.pt\/wp-content\/uploads\/2023\/04\/MetcalCobre-MarcasRepresentadas_Hardox.jpg\" loading=\"eager\" data-srcset=\"https:\/\/metalcobre.pt\/wp-content\/uploads\/2023\/04\/MetcalCobre-MarcasRepresentadas_Hardox.jpg 900w, https:\/\/metalcobre.pt\/wp-content\/uploads\/2023\/04\/MetcalCobre-MarcasRepresentadas_Hardox-300x200.jpg 300w, https:\/\/metalcobre.pt\/wp-content\/uploads\/2023\/04\/MetcalCobre-MarcasRepresentadas_Hardox-768x512.jpg 768w\" \/><\/a><\/div><\/div><div  class=\"dt-owl-item-wrap elements-hover\"  ><div class=\"dt-owl-item-inner \"><div  class=\"dt-owl-item-image layzr-bg img-css-resize-wrapper\"> <img decoding=\"async\" width=\"900\" height=\"600\" src=\"data:image\/svg+xml,%3Csvg%20xmlns%3D&#039;http%3A%2F%2Fwww.w3.org%2F2000%2Fsvg&#039;%20viewBox%3D&#039;0%200%20900%20600&#039;%2F%3E\" class=\"attachment-full size-full preload-me aspect lazy lazy-load\" alt=\"\" sizes=\"(max-width: 900px) 100vw, 900px\" style=\"--ratio: 900 \/ 600;\" data-src=\"https:\/\/metalcobre.pt\/wp-content\/uploads\/2023\/04\/MetcalCobre-MarcasRepresentadas_Moldarplast.jpg\" loading=\"eager\" data-srcset=\"https:\/\/metalcobre.pt\/wp-content\/uploads\/2023\/04\/MetcalCobre-MarcasRepresentadas_Moldarplast.jpg 900w, https:\/\/metalcobre.pt\/wp-content\/uploads\/2023\/04\/MetcalCobre-MarcasRepresentadas_Moldarplast-300x200.jpg 300w, https:\/\/metalcobre.pt\/wp-content\/uploads\/2023\/04\/MetcalCobre-MarcasRepresentadas_Moldarplast-768x512.jpg 768w\" \/><\/div><\/div><\/div><div  class=\"dt-owl-item-wrap elements-hover elements-hover\"  ><div class=\"dt-owl-item-inner \"><a href=\"https:\/\/www.schmelzmetall.com\/\" target=\"_blank\" class=\"dt-owl-item-image layzr-bg img-css-resize-wrapper\"> <img decoding=\"async\" width=\"900\" height=\"600\" src=\"data:image\/svg+xml,%3Csvg%20xmlns%3D&#039;http%3A%2F%2Fwww.w3.org%2F2000%2Fsvg&#039;%20viewBox%3D&#039;0%200%20900%20600&#039;%2F%3E\" class=\"attachment-full size-full preload-me aspect lazy lazy-load\" alt=\"\" sizes=\"(max-width: 900px) 100vw, 900px\" style=\"--ratio: 900 \/ 600;\" data-src=\"https:\/\/metalcobre.pt\/wp-content\/uploads\/2023\/04\/MetcalCobre-MarcasRepresentadas_Schmelzmetall.jpg\" loading=\"eager\" data-srcset=\"https:\/\/metalcobre.pt\/wp-content\/uploads\/2023\/04\/MetcalCobre-MarcasRepresentadas_Schmelzmetall.jpg 900w, https:\/\/metalcobre.pt\/wp-content\/uploads\/2023\/04\/MetcalCobre-MarcasRepresentadas_Schmelzmetall-300x200.jpg 300w, https:\/\/metalcobre.pt\/wp-content\/uploads\/2023\/04\/MetcalCobre-MarcasRepresentadas_Schmelzmetall-768x512.jpg 768w\" \/><\/a><\/div><\/div><div  class=\"dt-owl-item-wrap elements-hover elements-hover\"  ><div class=\"dt-owl-item-inner \"><a href=\"https:\/\/www.secotools.com\/\" target=\"_blank\" class=\"dt-owl-item-image layzr-bg img-css-resize-wrapper\"> <img decoding=\"async\" width=\"900\" height=\"600\" src=\"data:image\/svg+xml,%3Csvg%20xmlns%3D&#039;http%3A%2F%2Fwww.w3.org%2F2000%2Fsvg&#039;%20viewBox%3D&#039;0%200%20900%20600&#039;%2F%3E\" class=\"attachment-full size-full preload-me aspect lazy lazy-load\" alt=\"\" sizes=\"(max-width: 900px) 100vw, 900px\" style=\"--ratio: 900 \/ 600;\" data-src=\"https:\/\/metalcobre.pt\/wp-content\/uploads\/2023\/04\/MetcalCobre-MarcasRepresentadas_Seco.jpg\" loading=\"eager\" data-srcset=\"https:\/\/metalcobre.pt\/wp-content\/uploads\/2023\/04\/MetcalCobre-MarcasRepresentadas_Seco.jpg 900w, https:\/\/metalcobre.pt\/wp-content\/uploads\/2023\/04\/MetcalCobre-MarcasRepresentadas_Seco-300x200.jpg 300w, https:\/\/metalcobre.pt\/wp-content\/uploads\/2023\/04\/MetcalCobre-MarcasRepresentadas_Seco-768x512.jpg 768w\" \/><\/a><\/div><\/div><div  class=\"dt-owl-item-wrap elements-hover elements-hover\"  ><div class=\"dt-owl-item-inner \"><a href=\"https:\/\/www.starrett.com\/\" target=\"_blank\" class=\"dt-owl-item-image layzr-bg img-css-resize-wrapper\"> <img decoding=\"async\" width=\"900\" height=\"600\" src=\"data:image\/svg+xml,%3Csvg%20xmlns%3D&#039;http%3A%2F%2Fwww.w3.org%2F2000%2Fsvg&#039;%20viewBox%3D&#039;0%200%20900%20600&#039;%2F%3E\" class=\"attachment-full size-full preload-me aspect lazy lazy-load\" alt=\"\" sizes=\"(max-width: 900px) 100vw, 900px\" style=\"--ratio: 900 \/ 600;\" data-src=\"https:\/\/metalcobre.pt\/wp-content\/uploads\/2023\/04\/MetcalCobre-MarcasRepresentadas_Starrett.jpg\" loading=\"eager\" data-srcset=\"https:\/\/metalcobre.pt\/wp-content\/uploads\/2023\/04\/MetcalCobre-MarcasRepresentadas_Starrett.jpg 900w, https:\/\/metalcobre.pt\/wp-content\/uploads\/2023\/04\/MetcalCobre-MarcasRepresentadas_Starrett-300x200.jpg 300w, https:\/\/metalcobre.pt\/wp-content\/uploads\/2023\/04\/MetcalCobre-MarcasRepresentadas_Starrett-768x512.jpg 768w\" \/><\/a><\/div><\/div><div  class=\"dt-owl-item-wrap elements-hover elements-hover\"  ><div class=\"dt-owl-item-inner \"><a href=\"https:\/\/www.wikus.de\/\" target=\"_blank\" class=\"dt-owl-item-image layzr-bg img-css-resize-wrapper\"> <img decoding=\"async\" width=\"900\" height=\"600\" src=\"data:image\/svg+xml,%3Csvg%20xmlns%3D&#039;http%3A%2F%2Fwww.w3.org%2F2000%2Fsvg&#039;%20viewBox%3D&#039;0%200%20900%20600&#039;%2F%3E\" class=\"attachment-full size-full preload-me aspect lazy lazy-load\" alt=\"\" sizes=\"(max-width: 900px) 100vw, 900px\" style=\"--ratio: 900 \/ 600;\" data-src=\"https:\/\/metalcobre.pt\/wp-content\/uploads\/2023\/04\/MetcalCobre-MarcasRepresentadas_Wikus.jpg\" loading=\"eager\" data-srcset=\"https:\/\/metalcobre.pt\/wp-content\/uploads\/2023\/04\/MetcalCobre-MarcasRepresentadas_Wikus.jpg 900w, https:\/\/metalcobre.pt\/wp-content\/uploads\/2023\/04\/MetcalCobre-MarcasRepresentadas_Wikus-300x200.jpg 300w, https:\/\/metalcobre.pt\/wp-content\/uploads\/2023\/04\/MetcalCobre-MarcasRepresentadas_Wikus-768x512.jpg 768w\" \/><\/a><\/div><\/div><div  class=\"dt-owl-item-wrap elements-hover elements-hover\"  ><div class=\"dt-owl-item-inner \"><a href=\"https:\/\/totalenergies.pt\/\" target=\"_blank\" class=\"dt-owl-item-image layzr-bg img-css-resize-wrapper\"> <img decoding=\"async\" width=\"900\" height=\"600\" src=\"data:image\/svg+xml,%3Csvg%20xmlns%3D&#039;http%3A%2F%2Fwww.w3.org%2F2000%2Fsvg&#039;%20viewBox%3D&#039;0%200%20900%20600&#039;%2F%3E\" class=\"attachment-full size-full preload-me aspect lazy lazy-load\" alt=\"\" sizes=\"(max-width: 900px) 100vw, 900px\" style=\"--ratio: 900 \/ 600;\" data-src=\"https:\/\/metalcobre.pt\/wp-content\/uploads\/2023\/04\/MetcalCobre-MarcasRepresentadas_Total.jpg\" loading=\"eager\" data-srcset=\"https:\/\/metalcobre.pt\/wp-content\/uploads\/2023\/04\/MetcalCobre-MarcasRepresentadas_Total.jpg 900w, https:\/\/metalcobre.pt\/wp-content\/uploads\/2023\/04\/MetcalCobre-MarcasRepresentadas_Total-300x200.jpg 300w, https:\/\/metalcobre.pt\/wp-content\/uploads\/2023\/04\/MetcalCobre-MarcasRepresentadas_Total-768x512.jpg 768w\" \/><\/a><\/div><\/div><div  class=\"dt-owl-item-wrap elements-hover elements-hover\"  ><div class=\"dt-owl-item-inner \"><a href=\"https:\/\/matraxlubricants.com\/\" target=\"_blank\" class=\"dt-owl-item-image layzr-bg img-css-resize-wrapper\"> <img decoding=\"async\" width=\"900\" height=\"600\" src=\"data:image\/svg+xml,%3Csvg%20xmlns%3D&#039;http%3A%2F%2Fwww.w3.org%2F2000%2Fsvg&#039;%20viewBox%3D&#039;0%200%20900%20600&#039;%2F%3E\" class=\"attachment-full size-full preload-me aspect lazy lazy-load\" alt=\"\" sizes=\"(max-width: 900px) 100vw, 900px\" style=\"--ratio: 900 \/ 600;\" data-src=\"https:\/\/metalcobre.pt\/wp-content\/uploads\/2023\/04\/MetcalCobre-MarcasRepresentadas_Matrax.jpg\" loading=\"eager\" data-srcset=\"https:\/\/metalcobre.pt\/wp-content\/uploads\/2023\/04\/MetcalCobre-MarcasRepresentadas_Matrax.jpg 900w, https:\/\/metalcobre.pt\/wp-content\/uploads\/2023\/04\/MetcalCobre-MarcasRepresentadas_Matrax-300x200.jpg 300w, https:\/\/metalcobre.pt\/wp-content\/uploads\/2023\/04\/MetcalCobre-MarcasRepresentadas_Matrax-768x512.jpg 768w\" \/><\/a><\/div><\/div><div  class=\"dt-owl-item-wrap elements-hover elements-hover\"  ><div class=\"dt-owl-item-inner \"><a href=\"https:\/\/www.rocol.com\/\" target=\"_blank\" class=\"dt-owl-item-image layzr-bg img-css-resize-wrapper\"> <img decoding=\"async\" width=\"900\" height=\"600\" src=\"data:image\/svg+xml,%3Csvg%20xmlns%3D&#039;http%3A%2F%2Fwww.w3.org%2F2000%2Fsvg&#039;%20viewBox%3D&#039;0%200%20900%20600&#039;%2F%3E\" class=\"attachment-full size-full preload-me aspect lazy lazy-load\" alt=\"\" sizes=\"(max-width: 900px) 100vw, 900px\" style=\"--ratio: 900 \/ 600;\" data-src=\"https:\/\/metalcobre.pt\/wp-content\/uploads\/2023\/04\/MetcalCobre-MarcasRepresentadas_Rolcol.jpg\" loading=\"eager\" data-srcset=\"https:\/\/metalcobre.pt\/wp-content\/uploads\/2023\/04\/MetcalCobre-MarcasRepresentadas_Rolcol.jpg 900w, https:\/\/metalcobre.pt\/wp-content\/uploads\/2023\/04\/MetcalCobre-MarcasRepresentadas_Rolcol-300x200.jpg 300w, https:\/\/metalcobre.pt\/wp-content\/uploads\/2023\/04\/MetcalCobre-MarcasRepresentadas_Rolcol-768x512.jpg 768w\" \/><\/a><\/div><\/div><\/div><div class=\"owl-nav disabled\"><div class=\"owl-prev\" role=\"button\" tabindex=\"0\" aria-label=\"Prev slide\"><i class=\"fas fa-chevron-left\"><\/i><\/div><div class=\"owl-next\" role=\"button\" tabindex=\"0\" aria-label=\"Next slide\"><i class=\"fas fa-chevron-right\"><\/i><\/div><\/div>\t\t\t\t<\/div>\n\t\t\t\t<\/div>\n\t\t\t\t\t<\/div>\n\t\t<\/div>\n\t\t\t\t\t<\/div>\n\t\t<\/section>\n\t\t\t\t<\/div>\n\t\t\t\t<\/div>\n\t\t\t\t\t\t<\/div>\n\t\t\t\t<\/div>\n\t\t\t\t\t<\/div>\n\t\t<\/div>\n\t\t\t\t\t<\/div>\n\t\t<\/section>\n\t\t\t\t<\/div>\n\t\t","protected":false},"excerpt":{"rendered":"<p>Toler\u00e2ncias Dimensionais \u2022 Comprimento barras inteiras +\/-10%; \u2022 Pe\u00e7as cortadas de blocos: 0\/+15mm\u2022 Perfis redondos\/quadrados\/retangulares de acordo com as normas de produ\u00e7\u00e3o Devolu\u00e7\u00f5es: \u2022 Apenas se aceitam devolu\u00e7\u00f5es de material quando justificadas num prazo m\u00e1ximo de 10 dias \u00fateis a partir da data da Fatura, estando sujeitas a uma an\u00e1lise das causas.\u2022 N\u00e3o s\u00e3o aceites&hellip;<\/p>\n","protected":false},"author":1,"featured_media":0,"parent":0,"menu_order":80,"comment_status":"closed","ping_status":"closed","template":"","meta":{"footnotes":""},"class_list":["post-11246","page","type-page","status-publish","hentry"],"aioseo_notices":[],"_links":{"self":[{"href":"https:\/\/metalcobre.pt\/index.php\/wp-json\/wp\/v2\/pages\/11246","targetHints":{"allow":["GET"]}}],"collection":[{"href":"https:\/\/metalcobre.pt\/index.php\/wp-json\/wp\/v2\/pages"}],"about":[{"href":"https:\/\/metalcobre.pt\/index.php\/wp-json\/wp\/v2\/types\/page"}],"author":[{"embeddable":true,"href":"https:\/\/metalcobre.pt\/index.php\/wp-json\/wp\/v2\/users\/1"}],"replies":[{"embeddable":true,"href":"https:\/\/metalcobre.pt\/index.php\/wp-json\/wp\/v2\/comments?post=11246"}],"version-history":[{"count":0,"href":"https:\/\/metalcobre.pt\/index.php\/wp-json\/wp\/v2\/pages\/11246\/revisions"}],"wp:attachment":[{"href":"https:\/\/metalcobre.pt\/index.php\/wp-json\/wp\/v2\/media?parent=11246"}],"curies":[{"name":"wp","href":"https:\/\/api.w.org\/{rel}","templated":true}]}}