{"id":10391,"date":"2023-04-28T07:30:21","date_gmt":"2023-04-28T07:30:21","guid":{"rendered":"https:\/\/metalcobre.pt\/?post_type=product&#038;p=10391"},"modified":"2023-06-07T13:59:42","modified_gmt":"2023-06-07T13:59:42","slug":"roscagem-por-machos","status":"publish","type":"product","link":"https:\/\/metalcobre.pt\/index.php\/product\/roscagem-por-machos\/","title":{"rendered":"Roscagem por Machos"},"content":{"rendered":"\t\t<div data-elementor-type=\"product-post\" data-elementor-id=\"10391\" class=\"elementor elementor-10391\" data-elementor-post-type=\"product\">\n\t\t\t\t\t\t<section class=\"elementor-section elementor-top-section elementor-element elementor-element-8229583 elementor-section-boxed elementor-section-height-default elementor-section-height-default\" data-id=\"8229583\" data-element_type=\"section\">\n\t\t\t\t\t\t<div class=\"elementor-container elementor-column-gap-wider\">\n\t\t\t\t\t<div class=\"elementor-column elementor-col-50 elementor-top-column elementor-element elementor-element-6934ce1\" data-id=\"6934ce1\" data-element_type=\"column\">\n\t\t\t<div class=\"elementor-widget-wrap elementor-element-populated\">\n\t\t\t\t\t\t<div class=\"elementor-element elementor-element-5338b17 elementor-widget elementor-widget-text-editor\" data-id=\"5338b17\" data-element_type=\"widget\" data-widget_type=\"text-editor.default\">\n\t\t\t\t<div class=\"elementor-widget-container\">\n\t\t\t\t\t\t\t\t\t<p>Praesent imperdiet efficitur dolor ut dignissim. Cras id sem id nibh volutpat aliquet nec a nibh. Cras molestie luctus ex, nec vehicula neque rhoncus id. Cras viverra convallis magna, at pharetra libero faucibus quis. Etiam condimentum quis ligula vitae finibus. Proin congue tortor enim.\u00a0 Proin semper dapibus urna quis elementum.<\/p><p>Proin pharetra ipsum eget pretium pulvinar. Phasellus auctor placerat ex ut interdum.<\/p>\t\t\t\t\t\t\t\t<\/div>\n\t\t\t\t<\/div>\n\t\t\t\t\t<\/div>\n\t\t<\/div>\n\t\t\t\t<div class=\"elementor-column elementor-col-50 elementor-top-column elementor-element elementor-element-dd2293c\" data-id=\"dd2293c\" data-element_type=\"column\">\n\t\t\t<div class=\"elementor-widget-wrap elementor-element-populated\">\n\t\t\t\t\t\t<div class=\"elementor-element elementor-element-4534b59 elementor-icon-list--layout-traditional elementor-list-item-link-full_width elementor-widget elementor-widget-icon-list\" data-id=\"4534b59\" data-element_type=\"widget\" data-widget_type=\"icon-list.default\">\n\t\t\t\t<div class=\"elementor-widget-container\">\n\t\t\t\t\t\t\t<ul class=\"elementor-icon-list-items\">\n\t\t\t\t\t\t\t<li class=\"elementor-icon-list-item\">\n\t\t\t\t\t\t\t\t\t\t\t<span class=\"elementor-icon-list-icon\">\n\t\t\t\t\t\t\t<i aria-hidden=\"true\" class=\"the7remix the7-remixarrow-right-s-fill\"><\/i>\t\t\t\t\t\t<\/span>\n\t\t\t\t\t\t\t\t\t\t<span class=\"elementor-icon-list-text\">Composition: 70% modal, 30% polyester<\/span>\n\t\t\t\t\t\t\t\t\t<\/li>\n\t\t\t\t\t\t\t\t<li class=\"elementor-icon-list-item\">\n\t\t\t\t\t\t\t\t\t\t\t<span class=\"elementor-icon-list-icon\">\n\t\t\t\t\t\t\t<i aria-hidden=\"true\" class=\"the7remix the7-remixarrow-right-s-fill\"><\/i>\t\t\t\t\t\t<\/span>\n\t\t\t\t\t\t\t\t\t\t<span class=\"elementor-icon-list-text\">Fit: Classic\/ Regular<\/span>\n\t\t\t\t\t\t\t\t\t<\/li>\n\t\t\t\t\t\t\t\t<li class=\"elementor-icon-list-item\">\n\t\t\t\t\t\t\t\t\t\t\t<span class=\"elementor-icon-list-icon\">\n\t\t\t\t\t\t\t<i aria-hidden=\"true\" class=\"the7remix the7-remixarrow-right-s-fill\"><\/i>\t\t\t\t\t\t<\/span>\n\t\t\t\t\t\t\t\t\t\t<span class=\"elementor-icon-list-text\">Back length: 109,5 cm<\/span>\n\t\t\t\t\t\t\t\t\t<\/li>\n\t\t\t\t\t\t\t\t<li class=\"elementor-icon-list-item\">\n\t\t\t\t\t\t\t\t\t\t\t<span class=\"elementor-icon-list-icon\">\n\t\t\t\t\t\t\t<i aria-hidden=\"true\" class=\"the7remix the7-remixarrow-right-s-fill\"><\/i>\t\t\t\t\t\t<\/span>\n\t\t\t\t\t\t\t\t\t\t<span class=\"elementor-icon-list-text\">Care: Fine wash at max. 30\u02daC<\/span>\n\t\t\t\t\t\t\t\t\t<\/li>\n\t\t\t\t\t\t<\/ul>\n\t\t\t\t\t\t<\/div>\n\t\t\t\t<\/div>\n\t\t\t\t\t<\/div>\n\t\t<\/div>\n\t\t\t\t\t<\/div>\n\t\t<\/section>\n\t\t\t\t<\/div>\n\t\t","protected":false},"excerpt":{"rendered":"<p>Com mais de 800 produtos exclusivos, a gama de machos de roscamento da Seco abrange uma grande variedade de materiais ISO P, M, N e K. Incluindo machos com canais retos, h\u00e9lice em espiral, ponto helicoidal e do tipo perfilado, esta fam\u00edlia inclui revestimentos especialmente projetados que melhoram o desempenho, prolongam a vida \u00fatil da ferramenta e aumentam a versatilidade. H\u00e1 machos dispon\u00edveis para todos os tamanhos de rosca e passos comuns, com possibilidade de produzir furos cegos e passantes.<\/p>\n<p><span style=\"color: #333333;\"><span style=\"color: #808080;\">Para mais informa\u00e7\u00f5es por favor consulte:<\/span><br \/>\n<\/span><strong><a href=\"https:\/\/ipaper.ipapercms.dk\/SecoTools\/global-catalogs\/20212\/threading\/gb-threading-global-sn20212\/\" target=\"_blank\" rel=\"noopener\"><span style=\"color: #ff0000;\">Cat\u00e1logo<\/span><\/a>\u00a0<\/strong><\/p>\n","protected":false},"featured_media":10943,"comment_status":"closed","ping_status":"closed","template":"","meta":[],"product_brand":[],"product_cat":[245,252],"product_tag":[195,152],"class_list":{"0":"post-10391","1":"product","2":"type-product","3":"status-publish","4":"has-post-thumbnail","6":"product_cat-ferramentas-de-corte","7":"product_cat-seco-tools","8":"product_tag-home","9":"product_tag-trendy","11":"first","12":"instock","13":"shipping-taxable","14":"product-type-simple"},"aioseo_notices":[],"_links":{"self":[{"href":"https:\/\/metalcobre.pt\/index.php\/wp-json\/wp\/v2\/product\/10391","targetHints":{"allow":["GET"]}}],"collection":[{"href":"https:\/\/metalcobre.pt\/index.php\/wp-json\/wp\/v2\/product"}],"about":[{"href":"https:\/\/metalcobre.pt\/index.php\/wp-json\/wp\/v2\/types\/product"}],"replies":[{"embeddable":true,"href":"https:\/\/metalcobre.pt\/index.php\/wp-json\/wp\/v2\/comments?post=10391"}],"version-history":[{"count":0,"href":"https:\/\/metalcobre.pt\/index.php\/wp-json\/wp\/v2\/product\/10391\/revisions"}],"wp:featuredmedia":[{"embeddable":true,"href":"https:\/\/metalcobre.pt\/index.php\/wp-json\/wp\/v2\/media\/10943"}],"wp:attachment":[{"href":"https:\/\/metalcobre.pt\/index.php\/wp-json\/wp\/v2\/media?parent=10391"}],"wp:term":[{"taxonomy":"product_brand","embeddable":true,"href":"https:\/\/metalcobre.pt\/index.php\/wp-json\/wp\/v2\/product_brand?post=10391"},{"taxonomy":"product_cat","embeddable":true,"href":"https:\/\/metalcobre.pt\/index.php\/wp-json\/wp\/v2\/product_cat?post=10391"},{"taxonomy":"product_tag","embeddable":true,"href":"https:\/\/metalcobre.pt\/index.php\/wp-json\/wp\/v2\/product_tag?post=10391"}],"curies":[{"name":"wp","href":"https:\/\/api.w.org\/{rel}","templated":true}]}}